{"id":2917,"date":"2024-10-14T20:36:45","date_gmt":"2024-10-14T19:36:45","guid":{"rendered":"https:\/\/andriesbogerd.nl\/?page_id=2917"},"modified":"2024-10-14T20:45:01","modified_gmt":"2024-10-14T19:45:01","slug":"wester-14-08","status":"publish","type":"page","link":"https:\/\/andriesbogerd.nl\/?page_id=2917","title":{"rendered":""},"content":{"rendered":"\t\t<div data-elementor-type=\"wp-page\" data-elementor-id=\"2917\" class=\"elementor elementor-2917\">\n\t\t\t\t\t\t<section class=\"elementor-section elementor-top-section elementor-element elementor-element-8ed9e07 elementor-section-boxed elementor-section-height-default elementor-section-height-default\" data-id=\"8ed9e07\" data-element_type=\"section\" data-e-type=\"section\">\n\t\t\t\t\t\t<div class=\"elementor-container elementor-column-gap-default\">\n\t\t\t\t\t<div class=\"elementor-column elementor-col-100 elementor-top-column elementor-element elementor-element-4b01301\" data-id=\"4b01301\" data-element_type=\"column\" data-e-type=\"column\">\n\t\t\t<div class=\"elementor-widget-wrap elementor-element-populated\">\n\t\t\t\t\t\t<div class=\"elementor-element elementor-element-c29db91 elementor-widget elementor-widget-heading\" data-id=\"c29db91\" data-element_type=\"widget\" data-e-type=\"widget\" data-widget_type=\"heading.default\">\n\t\t\t\t<div class=\"elementor-widget-container\">\n\t\t\t\t\t<h4 class=\"elementor-heading-title elementor-size-default\"><br>Westerkerk Amsterdam, 14 augustus 13.00 uur<\/h4>\t\t\t\t<\/div>\n\t\t\t\t<\/div>\n\t\t\t\t\t<\/div>\n\t\t<\/div>\n\t\t\t\t\t<\/div>\n\t\t<\/section>\n\t\t\t\t<section class=\"elementor-section elementor-top-section elementor-element elementor-element-8830fbe elementor-section-boxed elementor-section-height-default elementor-section-height-default\" data-id=\"8830fbe\" data-element_type=\"section\" data-e-type=\"section\">\n\t\t\t\t\t\t<div class=\"elementor-container elementor-column-gap-default\">\n\t\t\t\t\t<div class=\"elementor-column elementor-col-100 elementor-top-column elementor-element elementor-element-fd32879\" data-id=\"fd32879\" data-element_type=\"column\" data-e-type=\"column\">\n\t\t\t<div class=\"elementor-widget-wrap elementor-element-populated\">\n\t\t\t\t\t\t<section class=\"elementor-section elementor-inner-section elementor-element elementor-element-1b3a548 elementor-section-boxed elementor-section-height-default elementor-section-height-default\" data-id=\"1b3a548\" data-element_type=\"section\" data-e-type=\"section\">\n\t\t\t\t\t\t<div class=\"elementor-container elementor-column-gap-default\">\n\t\t\t\t\t<div class=\"elementor-column elementor-col-50 elementor-inner-column elementor-element elementor-element-a48b0c3\" data-id=\"a48b0c3\" data-element_type=\"column\" data-e-type=\"column\">\n\t\t\t<div class=\"elementor-widget-wrap elementor-element-populated\">\n\t\t\t\t\t\t<div class=\"elementor-element elementor-element-a35471f elementor-widget elementor-widget-text-editor\" data-id=\"a35471f\" data-element_type=\"widget\" data-e-type=\"widget\" data-widget_type=\"text-editor.default\">\n\t\t\t\t<div class=\"elementor-widget-container\">\n\t\t\t\t\t\t\t\t\t<h6>\u00a0<\/h6><h6>Programma:<\/h6><h6>Johann Sebastian Bach (1685-1750)<br \/><span style=\"font-weight: normal;\">Herzlich tut mich verlangen, BWV 727<\/span><\/h6><h6>Felix Mendelssohn (1809-1847)<br \/><span style=\"font-weight: normal;\">Allegro in d, MWV W 33<\/span><\/h6><h6>L\u00e9on Bo\u00ebllmann (1862-1897)<br \/><span style=\"font-weight: normal;\">Uit Suite Gothique: Pri\u00e9re \u00e0 Notre Dame<\/span><\/h6><h6>Charles Villiers Stanford (1852-1924)<br \/><span style=\"font-weight: normal;\">Fantasia and Toccata in d minor, op 57<\/span><\/h6><p>\u00a0<\/p><p>\u00a0<\/p>\t\t\t\t\t\t\t\t<\/div>\n\t\t\t\t<\/div>\n\t\t\t\t\t<\/div>\n\t\t<\/div>\n\t\t\t\t<div class=\"elementor-column elementor-col-50 elementor-inner-column elementor-element elementor-element-69c1b21\" data-id=\"69c1b21\" data-element_type=\"column\" data-e-type=\"column\">\n\t\t\t<div class=\"elementor-widget-wrap elementor-element-populated\">\n\t\t\t\t\t\t<div class=\"elementor-element elementor-element-bb4eeb8 elementor-widget elementor-widget-image\" data-id=\"bb4eeb8\" data-element_type=\"widget\" data-e-type=\"widget\" data-widget_type=\"image.default\">\n\t\t\t\t<div class=\"elementor-widget-container\">\n\t\t\t\t\t\t\t\t\t\t\t\t\t\t\t<img fetchpriority=\"high\" decoding=\"async\" width=\"763\" height=\"572\" src=\"https:\/\/andriesbogerd.nl\/wp-content\/uploads\/2023\/01\/Westerkerk-amsterdam-front-foto.jpg\" class=\"attachment-large size-large wp-image-1918\" alt=\"\" srcset=\"https:\/\/andriesbogerd.nl\/wp-content\/uploads\/2023\/01\/Westerkerk-amsterdam-front-foto.jpg 763w, https:\/\/andriesbogerd.nl\/wp-content\/uploads\/2023\/01\/Westerkerk-amsterdam-front-foto-300x225.jpg 300w\" sizes=\"(max-width: 763px) 100vw, 763px\" \/>\t\t\t\t\t\t\t\t\t\t\t\t\t\t\t<\/div>\n\t\t\t\t<\/div>\n\t\t\t\t\t<\/div>\n\t\t<\/div>\n\t\t\t\t\t<\/div>\n\t\t<\/section>\n\t\t\t\t\t<\/div>\n\t\t<\/div>\n\t\t\t\t\t<\/div>\n\t\t<\/section>\n\t\t\t\t<\/div>\n\t\t","protected":false},"excerpt":{"rendered":"<p>Westerkerk Amsterdam, 14 augustus 13.00 uur \u00a0 Programma: Johann Sebastian Bach (1685-1750)Herzlich tut mich verlangen, BWV 727 Felix Mendelssohn (1809-1847)Allegro in d, MWV W 33 L\u00e9on Bo\u00ebllmann (1862-1897)Uit Suite Gothique: Pri\u00e9re \u00e0 Notre Dame Charles Villiers Stanford (1852-1924)Fantasia and Toccata in d minor, op 57 \u00a0 \u00a0<\/p>\n","protected":false},"author":1,"featured_media":0,"parent":0,"menu_order":0,"comment_status":"closed","ping_status":"closed","template":"","meta":{"_uag_custom_page_level_css":"","_monsterinsights_skip_tracking":false,"_monsterinsights_sitenote_active":false,"_monsterinsights_sitenote_note":"","_monsterinsights_sitenote_category":0,"site-sidebar-layout":"no-sidebar","site-content-layout":"page-builder","ast-site-content-layout":"full-width-container","site-content-style":"default","site-sidebar-style":"default","ast-global-header-display":"","ast-banner-title-visibility":"","ast-main-header-display":"","ast-hfb-above-header-display":"","ast-hfb-below-header-display":"","ast-hfb-mobile-header-display":"","site-post-title":"disabled","ast-breadcrumbs-content":"","ast-featured-img":"disabled","footer-sml-layout":"","ast-disable-related-posts":"","theme-transparent-header-meta":"","adv-header-id-meta":"","stick-header-meta":"","header-above-stick-meta":"","header-main-stick-meta":"","header-below-stick-meta":"","astra-migrate-meta-layouts":"set","ast-page-background-enabled":"default","ast-page-background-meta":{"desktop":{"background-color":"","background-image":"","background-repeat":"repeat","background-position":"center center","background-size":"auto","background-attachment":"scroll","background-type":"","background-media":"","overlay-type":"","overlay-color":"","overlay-opacity":"","overlay-gradient":""},"tablet":{"background-color":"","background-image":"","background-repeat":"repeat","background-position":"center center","background-size":"auto","background-attachment":"scroll","background-type":"","background-media":"","overlay-type":"","overlay-color":"","overlay-opacity":"","overlay-gradient":""},"mobile":{"background-color":"","background-image":"","background-repeat":"repeat","background-position":"center center","background-size":"auto","background-attachment":"scroll","background-type":"","background-media":"","overlay-type":"","overlay-color":"","overlay-opacity":"","overlay-gradient":""}},"ast-content-background-meta":{"desktop":{"background-color":"var(--ast-global-color-5)","background-image":"","background-repeat":"repeat","background-position":"center center","background-size":"auto","background-attachment":"scroll","background-type":"","background-media":"","overlay-type":"","overlay-color":"","overlay-opacity":"","overlay-gradient":""},"tablet":{"background-color":"var(--ast-global-color-5)","background-image":"","background-repeat":"repeat","background-position":"center center","background-size":"auto","background-attachment":"scroll","background-type":"","background-media":"","overlay-type":"","overlay-color":"","overlay-opacity":"","overlay-gradient":""},"mobile":{"background-color":"var(--ast-global-color-5)","background-image":"","background-repeat":"repeat","background-position":"center center","background-size":"auto","background-attachment":"scroll","background-type":"","background-media":"","overlay-type":"","overlay-color":"","overlay-opacity":"","overlay-gradient":""}},"footnotes":""},"class_list":["post-2917","page","type-page","status-publish","hentry"],"yoast_head":"<!-- This site is optimized with the Yoast SEO plugin v26.8 - https:\/\/yoast.com\/product\/yoast-seo-wordpress\/ -->\n<title>- andriesbogerd.nl<\/title>\n<meta name=\"robots\" content=\"index, follow, max-snippet:-1, max-image-preview:large, max-video-preview:-1\" \/>\n<link rel=\"canonical\" href=\"https:\/\/andriesbogerd.nl\/?page_id=2917\" \/>\n<meta property=\"og:locale\" content=\"nl_NL\" \/>\n<meta property=\"og:type\" content=\"article\" \/>\n<meta property=\"og:title\" content=\"- andriesbogerd.nl\" \/>\n<meta property=\"og:description\" content=\"Westerkerk Amsterdam, 14 augustus 13.00 uur \u00a0 Programma: Johann Sebastian Bach (1685-1750)Herzlich tut mich verlangen, BWV 727 Felix Mendelssohn (1809-1847)Allegro in d, MWV W 33 L\u00e9on Bo\u00ebllmann (1862-1897)Uit Suite Gothique: Pri\u00e9re \u00e0 Notre Dame Charles Villiers Stanford (1852-1924)Fantasia and Toccata in d minor, op 57 \u00a0 \u00a0\" \/>\n<meta property=\"og:url\" content=\"https:\/\/andriesbogerd.nl\/?page_id=2917\" \/>\n<meta property=\"og:site_name\" content=\"andriesbogerd.nl\" \/>\n<meta property=\"article:modified_time\" content=\"2024-10-14T19:45:01+00:00\" \/>\n<meta property=\"og:image\" content=\"https:\/\/andriesbogerd.nl\/wp-content\/uploads\/2023\/01\/Westerkerk-amsterdam-front-foto.jpg\" \/>\n\t<meta property=\"og:image:width\" content=\"763\" \/>\n\t<meta property=\"og:image:height\" content=\"572\" \/>\n\t<meta property=\"og:image:type\" content=\"image\/jpeg\" \/>\n<meta name=\"twitter:card\" content=\"summary_large_image\" \/>\n<script type=\"application\/ld+json\" class=\"yoast-schema-graph\">{\"@context\":\"https:\/\/schema.org\",\"@graph\":[{\"@type\":\"WebPage\",\"@id\":\"https:\/\/andriesbogerd.nl\/?page_id=2917\",\"url\":\"https:\/\/andriesbogerd.nl\/?page_id=2917\",\"name\":\"- andriesbogerd.nl\",\"isPartOf\":{\"@id\":\"https:\/\/andriesbogerd.nl\/#website\"},\"primaryImageOfPage\":{\"@id\":\"https:\/\/andriesbogerd.nl\/?page_id=2917#primaryimage\"},\"image\":{\"@id\":\"https:\/\/andriesbogerd.nl\/?page_id=2917#primaryimage\"},\"thumbnailUrl\":\"https:\/\/andriesbogerd.nl\/wp-content\/uploads\/2023\/01\/Westerkerk-amsterdam-front-foto.jpg\",\"datePublished\":\"2024-10-14T19:36:45+00:00\",\"dateModified\":\"2024-10-14T19:45:01+00:00\",\"inLanguage\":\"nl-NL\",\"potentialAction\":[{\"@type\":\"ReadAction\",\"target\":[\"https:\/\/andriesbogerd.nl\/?page_id=2917\"]}]},{\"@type\":\"ImageObject\",\"inLanguage\":\"nl-NL\",\"@id\":\"https:\/\/andriesbogerd.nl\/?page_id=2917#primaryimage\",\"url\":\"https:\/\/andriesbogerd.nl\/wp-content\/uploads\/2023\/01\/Westerkerk-amsterdam-front-foto.jpg\",\"contentUrl\":\"https:\/\/andriesbogerd.nl\/wp-content\/uploads\/2023\/01\/Westerkerk-amsterdam-front-foto.jpg\",\"width\":763,\"height\":572},{\"@type\":\"WebSite\",\"@id\":\"https:\/\/andriesbogerd.nl\/#website\",\"url\":\"https:\/\/andriesbogerd.nl\/\",\"name\":\"andriesbogerd.nl\",\"description\":\"Andries Bogerd\",\"potentialAction\":[{\"@type\":\"SearchAction\",\"target\":{\"@type\":\"EntryPoint\",\"urlTemplate\":\"https:\/\/andriesbogerd.nl\/?s={search_term_string}\"},\"query-input\":{\"@type\":\"PropertyValueSpecification\",\"valueRequired\":true,\"valueName\":\"search_term_string\"}}],\"inLanguage\":\"nl-NL\"}]}<\/script>\n<!-- \/ Yoast SEO plugin. -->","yoast_head_json":{"title":"- andriesbogerd.nl","robots":{"index":"index","follow":"follow","max-snippet":"max-snippet:-1","max-image-preview":"max-image-preview:large","max-video-preview":"max-video-preview:-1"},"canonical":"https:\/\/andriesbogerd.nl\/?page_id=2917","og_locale":"nl_NL","og_type":"article","og_title":"- andriesbogerd.nl","og_description":"Westerkerk Amsterdam, 14 augustus 13.00 uur \u00a0 Programma: Johann Sebastian Bach (1685-1750)Herzlich tut mich verlangen, BWV 727 Felix Mendelssohn (1809-1847)Allegro in d, MWV W 33 L\u00e9on Bo\u00ebllmann (1862-1897)Uit Suite Gothique: Pri\u00e9re \u00e0 Notre Dame Charles Villiers Stanford (1852-1924)Fantasia and Toccata in d minor, op 57 \u00a0 \u00a0","og_url":"https:\/\/andriesbogerd.nl\/?page_id=2917","og_site_name":"andriesbogerd.nl","article_modified_time":"2024-10-14T19:45:01+00:00","og_image":[{"width":763,"height":572,"url":"https:\/\/andriesbogerd.nl\/wp-content\/uploads\/2023\/01\/Westerkerk-amsterdam-front-foto.jpg","type":"image\/jpeg"}],"twitter_card":"summary_large_image","schema":{"@context":"https:\/\/schema.org","@graph":[{"@type":"WebPage","@id":"https:\/\/andriesbogerd.nl\/?page_id=2917","url":"https:\/\/andriesbogerd.nl\/?page_id=2917","name":"- andriesbogerd.nl","isPartOf":{"@id":"https:\/\/andriesbogerd.nl\/#website"},"primaryImageOfPage":{"@id":"https:\/\/andriesbogerd.nl\/?page_id=2917#primaryimage"},"image":{"@id":"https:\/\/andriesbogerd.nl\/?page_id=2917#primaryimage"},"thumbnailUrl":"https:\/\/andriesbogerd.nl\/wp-content\/uploads\/2023\/01\/Westerkerk-amsterdam-front-foto.jpg","datePublished":"2024-10-14T19:36:45+00:00","dateModified":"2024-10-14T19:45:01+00:00","inLanguage":"nl-NL","potentialAction":[{"@type":"ReadAction","target":["https:\/\/andriesbogerd.nl\/?page_id=2917"]}]},{"@type":"ImageObject","inLanguage":"nl-NL","@id":"https:\/\/andriesbogerd.nl\/?page_id=2917#primaryimage","url":"https:\/\/andriesbogerd.nl\/wp-content\/uploads\/2023\/01\/Westerkerk-amsterdam-front-foto.jpg","contentUrl":"https:\/\/andriesbogerd.nl\/wp-content\/uploads\/2023\/01\/Westerkerk-amsterdam-front-foto.jpg","width":763,"height":572},{"@type":"WebSite","@id":"https:\/\/andriesbogerd.nl\/#website","url":"https:\/\/andriesbogerd.nl\/","name":"andriesbogerd.nl","description":"Andries Bogerd","potentialAction":[{"@type":"SearchAction","target":{"@type":"EntryPoint","urlTemplate":"https:\/\/andriesbogerd.nl\/?s={search_term_string}"},"query-input":{"@type":"PropertyValueSpecification","valueRequired":true,"valueName":"search_term_string"}}],"inLanguage":"nl-NL"}]}},"uagb_featured_image_src":{"full":false,"thumbnail":false,"medium":false,"medium_large":false,"large":false,"1536x1536":false,"2048x2048":false},"uagb_author_info":{"display_name":"Andries Bogerd","author_link":"https:\/\/andriesbogerd.nl\/?author=1"},"uagb_comment_info":0,"uagb_excerpt":"Westerkerk Amsterdam, 14 augustus 13.00 uur \u00a0 Programma: Johann Sebastian Bach (1685-1750)Herzlich tut mich verlangen, BWV 727 Felix Mendelssohn (1809-1847)Allegro in d, MWV W 33 L\u00e9on Bo\u00ebllmann (1862-1897)Uit Suite Gothique: Pri\u00e9re \u00e0 Notre Dame Charles Villiers Stanford (1852-1924)Fantasia and Toccata in d minor, op 57 \u00a0 \u00a0","_links":{"self":[{"href":"https:\/\/andriesbogerd.nl\/index.php?rest_route=\/wp\/v2\/pages\/2917","targetHints":{"allow":["GET"]}}],"collection":[{"href":"https:\/\/andriesbogerd.nl\/index.php?rest_route=\/wp\/v2\/pages"}],"about":[{"href":"https:\/\/andriesbogerd.nl\/index.php?rest_route=\/wp\/v2\/types\/page"}],"author":[{"embeddable":true,"href":"https:\/\/andriesbogerd.nl\/index.php?rest_route=\/wp\/v2\/users\/1"}],"replies":[{"embeddable":true,"href":"https:\/\/andriesbogerd.nl\/index.php?rest_route=%2Fwp%2Fv2%2Fcomments&post=2917"}],"version-history":[{"count":5,"href":"https:\/\/andriesbogerd.nl\/index.php?rest_route=\/wp\/v2\/pages\/2917\/revisions"}],"predecessor-version":[{"id":2925,"href":"https:\/\/andriesbogerd.nl\/index.php?rest_route=\/wp\/v2\/pages\/2917\/revisions\/2925"}],"wp:attachment":[{"href":"https:\/\/andriesbogerd.nl\/index.php?rest_route=%2Fwp%2Fv2%2Fmedia&parent=2917"}],"curies":[{"name":"wp","href":"https:\/\/api.w.org\/{rel}","templated":true}]}}